{"id":240,"date":"2023-03-09T20:08:44","date_gmt":"2023-03-09T23:08:44","guid":{"rendered":"https:\/\/fuzaro.siteup.dev\/?page_id=240"},"modified":"2023-06-27T18:50:06","modified_gmt":"2023-06-27T21:50:06","slug":"fale-conosco","status":"publish","type":"page","link":"https:\/\/fuzaro.siteup.dev\/es\/fale-conosco\/","title":{"rendered":"Fale Conosco"},"content":{"rendered":"<div data-elementor-type=\"wp-page\" data-elementor-id=\"240\" class=\"elementor elementor-240\" data-elementor-post-type=\"page\">\n\t\t\t\t\t\t\t<div class=\"elementor-element elementor-element-d286edf e-flex e-con-boxed e-con\" data-id=\"d286edf\" data-element_type=\"container\" data-settings=\"{&quot;background_background&quot;:&quot;classic&quot;,&quot;background_motion_fx_motion_fx_scrolling&quot;:&quot;yes&quot;,&quot;content_width&quot;:&quot;boxed&quot;,&quot;background_motion_fx_devices&quot;:[&quot;widescreen&quot;,&quot;desktop&quot;,&quot;tablet&quot;,&quot;mobile&quot;]}\">\n\t\t\t\t\t<div class=\"e-con-inner\">\n\t\t\t\t<div class=\"elementor-element elementor-element-d2e99e5 elementor-widget elementor-widget-heading\" data-id=\"d2e99e5\" data-element_type=\"widget\" data-widget_type=\"heading.default\">\n\t\t\t\t<div class=\"elementor-widget-container\">\n\t\t\t<h1 class=\"elementor-heading-title elementor-size-default\">Fale Conosco<\/h1>\t\t<\/div>\n\t\t\t\t<\/div>\n\t\t\t\t<div class=\"elementor-element elementor-element-3e76b47 elementor-widget elementor-widget-breadcrumbs\" data-id=\"3e76b47\" data-element_type=\"widget\" data-widget_type=\"breadcrumbs.default\">\n\t\t\t\t<div class=\"elementor-widget-container\">\n\t\t\t<p id=\"breadcrumbs\"><span><span><a href=\"https:\/\/fuzaro.siteup.dev\/es\/\">Home &gt;<\/a><\/span><\/span><\/p>\t\t<\/div>\n\t\t\t\t<\/div>\n\t\t\t\t\t<\/div>\n\t\t\t\t<\/div>\n\t\t<div class=\"elementor-element elementor-element-49400ee e-flex e-con-boxed e-con\" data-id=\"49400ee\" data-element_type=\"container\" data-settings=\"{&quot;content_width&quot;:&quot;boxed&quot;}\">\n\t\t\t\t\t<div class=\"e-con-inner\">\n\t\t<div class=\"elementor-element elementor-element-ef0f0d4 e-con-full e-flex e-con\" data-id=\"ef0f0d4\" data-element_type=\"container\" data-settings=\"{&quot;content_width&quot;:&quot;full&quot;}\">\n\t\t\t\t<div class=\"elementor-element elementor-element-a07bdc0 elementor-invisible elementor-widget elementor-widget-image\" data-id=\"a07bdc0\" data-element_type=\"widget\" data-settings=\"{&quot;_animation&quot;:&quot;fadeInDown&quot;}\" data-widget_type=\"image.default\">\n\t\t\t\t<div class=\"elementor-widget-container\">\n\t\t\t\t\t\t\t\t\t\t\t\t\t\t\t<img decoding=\"async\" width=\"414\" height=\"414\" src=\"https:\/\/fuzaro.siteup.dev\/wp-content\/uploads\/2023\/03\/advogados-sp-5.png\" class=\"attachment-full size-full wp-image-224\" alt=\"advogados sp\" loading=\"lazy\" srcset=\"https:\/\/fuzaro.siteup.dev\/wp-content\/uploads\/2023\/03\/advogados-sp-5.png 414w, https:\/\/fuzaro.siteup.dev\/wp-content\/uploads\/2023\/03\/advogados-sp-5-300x300.png 300w, https:\/\/fuzaro.siteup.dev\/wp-content\/uploads\/2023\/03\/advogados-sp-5-150x150.png 150w\" sizes=\"(max-width: 414px) 100vw, 414px\" \/>\t\t\t\t\t\t\t\t\t\t\t\t\t\t\t<\/div>\n\t\t\t\t<\/div>\n\t\t\t\t<\/div>\n\t\t<div class=\"elementor-element elementor-element-891ee38 e-con-full e-flex elementor-invisible e-con\" data-id=\"891ee38\" data-element_type=\"container\" data-settings=\"{&quot;content_width&quot;:&quot;full&quot;,&quot;animation&quot;:&quot;fadeIn&quot;}\">\n\t\t\t\t<div class=\"elementor-element elementor-element-6058aa9 elementor-widget elementor-widget-heading\" data-id=\"6058aa9\" data-element_type=\"widget\" data-widget_type=\"heading.default\">\n\t\t\t\t<div class=\"elementor-widget-container\">\n\t\t\t<h2 class=\"elementor-heading-title elementor-size-default\">Fale conosco<\/h2>\t\t<\/div>\n\t\t\t\t<\/div>\n\t\t\t\t<div class=\"elementor-element elementor-element-4a1d954 elementor-widget__width-initial elementor-widget elementor-widget-text-editor\" data-id=\"4a1d954\" data-element_type=\"widget\" data-widget_type=\"text-editor.default\">\n\t\t\t\t<div class=\"elementor-widget-container\">\n\t\t\t\t\t\t\t<p>Prezamos o compromisso, atendimento ao cliente e a entrega de resultados em nossa empresa. Qualquer d\u00favida, por favor entre em contato conosco, teremos prazer em atend\u00ea-lo. Atrav\u00e9s dos nossos canais de atendimento!<\/p>\t\t\t\t\t\t<\/div>\n\t\t\t\t<\/div>\n\t\t\t\t<\/div>\n\t\t\t\t\t<\/div>\n\t\t\t\t<\/div>\n\t\t<div class=\"elementor-element elementor-element-bfdc9e2 e-flex e-con-boxed elementor-invisible e-con\" data-id=\"bfdc9e2\" data-element_type=\"container\" data-settings=\"{&quot;animation&quot;:&quot;fadeIn&quot;,&quot;content_width&quot;:&quot;boxed&quot;}\">\n\t\t\t\t\t<div class=\"e-con-inner\">\n\t\t<div class=\"elementor-element elementor-element-29aae15 e-flex e-con-boxed e-con\" data-id=\"29aae15\" data-element_type=\"container\" data-settings=\"{&quot;background_background&quot;:&quot;classic&quot;,&quot;content_width&quot;:&quot;boxed&quot;}\">\n\t\t\t\t\t<div class=\"e-con-inner\">\n\t\t\t\t<div class=\"elementor-element elementor-element-e6139bb elementor-button-align-center bt-form elementor-widget elementor-widget-form\" data-id=\"e6139bb\" data-element_type=\"widget\" data-settings=\"{&quot;step_next_label&quot;:&quot;Pr\\u00f3ximo&quot;,&quot;step_previous_label&quot;:&quot;Anterior&quot;,&quot;button_width&quot;:&quot;100&quot;,&quot;step_type&quot;:&quot;number_text&quot;,&quot;step_icon_shape&quot;:&quot;circle&quot;}\" data-widget_type=\"form.default\">\n\t\t\t\t<div class=\"elementor-widget-container\">\n\t\t\t\t\t<form class=\"elementor-form\" method=\"post\" id=\"contato\" name=\"Contato \" action=\"\">\n\t\t\t<input type=\"hidden\" name=\"post_id\" value=\"240\"\/>\n\t\t\t<input type=\"hidden\" name=\"form_id\" value=\"e6139bb\"\/>\n\t\t\t<input type=\"hidden\" name=\"referer_title\" value=\"Fuzaro\" \/>\n\n\t\t\t\n\t\t\t<div class=\"elementor-form-fields-wrapper elementor-labels-above\">\n\t\t\t\t\t\t\t\t<div class=\"elementor-field-type-text elementor-field-group elementor-column elementor-field-group-name elementor-col-50 elementor-field-required elementor-mark-required\">\n\t\t\t\t\t\t\t\t\t\t\t\t<label for=\"form-field-name\" class=\"elementor-field-label\">\n\t\t\t\t\t\t\t\tNome\t\t\t\t\t\t\t<\/label>\n\t\t\t\t\t\t\t\t\t\t\t\t\t\t<input size=\"1\" type=\"text\" name=\"form_fields[name]\" id=\"form-field-name\" class=\"elementor-field elementor-size-sm  elementor-field-textual\" placeholder=\"Nome\" required=\"required\" aria-required=\"true\">\n\t\t\t\t\t\t\t\t\t\t\t<\/div>\n\t\t\t\t\t\t\t\t<div class=\"elementor-field-type-email elementor-field-group elementor-column elementor-field-group-email elementor-col-50 elementor-field-required elementor-mark-required\">\n\t\t\t\t\t\t\t\t\t\t\t\t<label for=\"form-field-email\" class=\"elementor-field-label\">\n\t\t\t\t\t\t\t\tE-mail\t\t\t\t\t\t\t<\/label>\n\t\t\t\t\t\t\t\t\t\t\t\t\t\t<input size=\"1\" type=\"email\" name=\"form_fields[email]\" id=\"form-field-email\" class=\"elementor-field elementor-size-sm  elementor-field-textual\" placeholder=\"E-mail\" required=\"required\" aria-required=\"true\">\n\t\t\t\t\t\t\t\t\t\t\t<\/div>\n\t\t\t\t\t\t\t\t<div class=\"elementor-field-type-text elementor-field-group elementor-column elementor-field-group-telefone elementor-col-50 elementor-field-required elementor-mark-required\">\n\t\t\t\t\t\t\t\t\t\t\t\t<label for=\"form-field-telefone\" class=\"elementor-field-label\">\n\t\t\t\t\t\t\t\tTelefone\t\t\t\t\t\t\t<\/label>\n\t\t\t\t\t\t\t\t\t\t\t\t\t\t<input size=\"1\" type=\"text\" name=\"form_fields[telefone]\" id=\"form-field-telefone\" class=\"elementor-field elementor-size-sm  fme-mask-input elementor-field-textual\" placeholder=\"Telefone\" required=\"required\" aria-required=\"true\" data-fme-mask=\"ev-tel-ddd9\">\n\t\t\t\t\t\t\t\t\t\t\t<\/div>\n\t\t\t\t\t\t\t\t<div class=\"elementor-field-type-text elementor-field-group elementor-column elementor-field-group-Assunto elementor-col-50 elementor-field-required elementor-mark-required\">\n\t\t\t\t\t\t\t\t\t\t\t\t<label for=\"form-field-Assunto\" class=\"elementor-field-label\">\n\t\t\t\t\t\t\t\tAssunto\t\t\t\t\t\t\t<\/label>\n\t\t\t\t\t\t\t\t\t\t\t\t\t\t<input size=\"1\" type=\"text\" name=\"form_fields[Assunto]\" id=\"form-field-Assunto\" class=\"elementor-field elementor-size-sm  elementor-field-textual\" placeholder=\"Assunto\" required=\"required\" aria-required=\"true\">\n\t\t\t\t\t\t\t\t\t\t\t<\/div>\n\t\t\t\t\t\t\t\t<div class=\"elementor-field-type-textarea elementor-field-group elementor-column elementor-field-group-mensagem elementor-col-100 elementor-field-required elementor-mark-required\">\n\t\t\t\t\t\t\t\t\t\t\t\t<label for=\"form-field-mensagem\" class=\"elementor-field-label\">\n\t\t\t\t\t\t\t\tMensagem\t\t\t\t\t\t\t<\/label>\n\t\t\t\t\t\t<textarea class=\"elementor-field-textual elementor-field  elementor-size-sm\" name=\"form_fields[mensagem]\" id=\"form-field-mensagem\" rows=\"4\" placeholder=\"Mensagem\" required=\"required\" aria-required=\"true\"><\/textarea>\t\t\t\t<\/div>\n\t\t\t\t\t\t\t\t<div class=\"elementor-field-group elementor-column elementor-field-type-submit elementor-col-100 e-form__buttons\">\n\t\t\t\t\t<button type=\"submit\" class=\"elementor-button elementor-size-sm elementor-animation-grow\">\n\t\t\t\t\t\t<span >\n\t\t\t\t\t\t\t\t\t\t\t\t\t\t\t<span class=\"elementor-align-icon-right elementor-button-icon\">\n\t\t\t\t\t\t\t\t\t<svg xmlns=\"http:\/\/www.w3.org\/2000\/svg\" width=\"20\" height=\"11\" viewbox=\"0 0 20 11\" fill=\"none\"><path d=\"M19.0579 5.03635L19.0574 5.03583L14.9726 0.971108C14.7347 0.703463 14.3247 0.674542 14.0513 0.907624C13.7744 1.14358 13.7418 1.55904 13.9793 1.83497L13.9794 1.83503C13.999 1.85776 14.0202 1.87933 14.0431 1.89946L16.9996 4.84497H1.40907C1.04624 4.84497 0.75 5.13801 0.75 5.50206C0.75 5.86614 1.04627 6.15912 1.40907 6.15912H16.999L14.0431 9.10052C13.7738 9.33763 13.7442 9.74761 13.9793 10.0208C14.2162 10.2959 14.6316 10.3278 14.9078 10.0924L14.9078 10.0923C14.9307 10.0728 14.9524 10.0517 14.9726 10.0289L19.0574 5.96418L19.0579 5.96367C19.3141 5.70731 19.314 5.29272 19.0579 5.03635Z\" fill=\"#EADED3\" stroke=\"#EADED3\" stroke-width=\"0.5\"><\/path><\/svg>\t\t\t\t\t\t\t\t\t\t\t\t\t\t\t\t\t<\/span>\n\t\t\t\t\t\t\t\t\t\t\t\t\t\t\t\t\t\t\t\t\t\t<span class=\"elementor-button-text\">Enviar mensagem<\/span>\n\t\t\t\t\t\t\t\t\t\t\t\t\t<\/span>\n\t\t\t\t\t<\/button>\n\t\t\t\t<\/div>\n\t\t\t<\/div>\n\t\t<input type=\"hidden\" name=\"trp-form-language\" value=\"es\"\/><\/form>\n\t\t\t\t<\/div>\n\t\t\t\t<\/div>\n\t\t\t\t\t<\/div>\n\t\t\t\t<\/div>\n\t\t\t\t\t<\/div>\n\t\t\t\t<\/div>\n\t\t<div class=\"elementor-element elementor-element-49ffdd7 e-flex e-con-boxed e-con\" data-id=\"49ffdd7\" data-element_type=\"container\" data-settings=\"{&quot;content_width&quot;:&quot;boxed&quot;}\">\n\t\t\t\t\t<div class=\"e-con-inner\">\n\t\t\t\t<div class=\"elementor-element elementor-element-542bb45 elementor-widget elementor-widget-heading\" data-id=\"542bb45\" data-element_type=\"widget\" data-widget_type=\"heading.default\">\n\t\t\t\t<div class=\"elementor-widget-container\">\n\t\t\t<p class=\"elementor-heading-title elementor-size-default\">FUZARO ADVOGADOS<\/p>\t\t<\/div>\n\t\t\t\t<\/div>\n\t\t\t\t<div class=\"elementor-element elementor-element-0ca8d3e elementor-widget elementor-widget-heading\" data-id=\"0ca8d3e\" data-element_type=\"widget\" data-widget_type=\"heading.default\">\n\t\t\t\t<div class=\"elementor-widget-container\">\n\t\t\t<h2 class=\"elementor-heading-title elementor-size-default\">Mais Informa\u00e7\u00f5es<\/h2>\t\t<\/div>\n\t\t\t\t<\/div>\n\t\t<div class=\"elementor-element elementor-element-6f63fec e-flex e-con-boxed elementor-invisible e-con\" data-id=\"6f63fec\" data-element_type=\"container\" data-settings=\"{&quot;background_background&quot;:&quot;classic&quot;,&quot;animation&quot;:&quot;fadeIn&quot;,&quot;content_width&quot;:&quot;boxed&quot;}\">\n\t\t\t\t\t<div class=\"e-con-inner\">\n\t\t<div class=\"elementor-element elementor-element-e32cf71 e-con-full e-flex e-con\" data-id=\"e32cf71\" data-element_type=\"container\" data-settings=\"{&quot;content_width&quot;:&quot;full&quot;,&quot;background_background&quot;:&quot;classic&quot;,&quot;animation&quot;:&quot;none&quot;}\">\n\t\t\t\t<div class=\"elementor-element elementor-element-9321343 elementor-widget elementor-widget-heading\" data-id=\"9321343\" data-element_type=\"widget\" data-widget_type=\"heading.default\">\n\t\t\t\t<div class=\"elementor-widget-container\">\n\t\t\t<h3 class=\"elementor-heading-title elementor-size-default\">Telefone<\/h3>\t\t<\/div>\n\t\t\t\t<\/div>\n\t\t\t\t<div class=\"elementor-element elementor-element-59d55c5 elementor-widget elementor-widget-text-editor\" data-id=\"59d55c5\" data-element_type=\"widget\" data-widget_type=\"text-editor.default\">\n\t\t\t\t<div class=\"elementor-widget-container\">\n\t\t\t\t\t\t\t<p>(11) 3816 6658<\/p>\t\t\t\t\t\t<\/div>\n\t\t\t\t<\/div>\n\t\t\t\t<div class=\"elementor-element elementor-element-fe16ba6 elementor-widget elementor-widget-button\" data-id=\"fe16ba6\" data-element_type=\"widget\" data-widget_type=\"button.default\">\n\t\t\t\t<div class=\"elementor-widget-container\">\n\t\t\t\t\t<div class=\"elementor-button-wrapper\">\n\t\t\t<a class=\"elementor-button elementor-button-link elementor-size-sm elementor-animation-grow\" href=\"tel:01138166658\">\n\t\t\t\t\t\t<span class=\"elementor-button-content-wrapper\">\n\t\t\t\t\t\t<span class=\"elementor-button-icon elementor-align-icon-right\">\n\t\t\t\t<i aria-hidden=\"true\" class=\"fas fa-angle-right\"><\/i>\t\t\t<\/span>\n\t\t\t\t\t\t<span class=\"elementor-button-text\">LIGAR PARA FUZARO <\/span>\n\t\t<\/span>\n\t\t\t\t\t<\/a>\n\t\t<\/div>\n\t\t\t\t<\/div>\n\t\t\t\t<\/div>\n\t\t\t\t<\/div>\n\t\t<div class=\"elementor-element elementor-element-6f8f0b9 e-con-full e-flex e-con\" data-id=\"6f8f0b9\" data-element_type=\"container\" data-settings=\"{&quot;content_width&quot;:&quot;full&quot;,&quot;background_background&quot;:&quot;classic&quot;}\">\n\t\t\t\t<div class=\"elementor-element elementor-element-f9ed9ad elementor-widget elementor-widget-heading\" data-id=\"f9ed9ad\" data-element_type=\"widget\" data-widget_type=\"heading.default\">\n\t\t\t\t<div class=\"elementor-widget-container\">\n\t\t\t<h3 class=\"elementor-heading-title elementor-size-default\">Email<\/h3>\t\t<\/div>\n\t\t\t\t<\/div>\n\t\t\t\t<div class=\"elementor-element elementor-element-352c274 elementor-widget elementor-widget-text-editor\" data-id=\"352c274\" data-element_type=\"widget\" data-widget_type=\"text-editor.default\">\n\t\t\t\t<div class=\"elementor-widget-container\">\n\t\t\t\t\t\t\t<p>fuzaroadvogados@fuzaroadvogados.com.br<\/p>\t\t\t\t\t\t<\/div>\n\t\t\t\t<\/div>\n\t\t\t\t<div class=\"elementor-element elementor-element-44903f1 elementor-widget elementor-widget-button\" data-id=\"44903f1\" data-element_type=\"widget\" data-widget_type=\"button.default\">\n\t\t\t\t<div class=\"elementor-widget-container\">\n\t\t\t\t\t<div class=\"elementor-button-wrapper\">\n\t\t\t<a class=\"elementor-button elementor-button-link elementor-size-sm elementor-animation-grow\" href=\"mailto:fuzaroadvogados@fuzaroadvogados.com.br\">\n\t\t\t\t\t\t<span class=\"elementor-button-content-wrapper\">\n\t\t\t\t\t\t<span class=\"elementor-button-icon elementor-align-icon-right\">\n\t\t\t\t<i aria-hidden=\"true\" class=\"fas fa-angle-right\"><\/i>\t\t\t<\/span>\n\t\t\t\t\t\t<span class=\"elementor-button-text\">ENVIAR EMAIL<\/span>\n\t\t<\/span>\n\t\t\t\t\t<\/a>\n\t\t<\/div>\n\t\t\t\t<\/div>\n\t\t\t\t<\/div>\n\t\t\t\t<\/div>\n\t\t<div class=\"elementor-element elementor-element-1c3818d e-con-full e-flex e-con\" data-id=\"1c3818d\" data-element_type=\"container\" data-settings=\"{&quot;content_width&quot;:&quot;full&quot;,&quot;background_background&quot;:&quot;classic&quot;}\">\n\t\t\t\t<div class=\"elementor-element elementor-element-59fff20 elementor-widget elementor-widget-heading\" data-id=\"59fff20\" data-element_type=\"widget\" data-widget_type=\"heading.default\">\n\t\t\t\t<div class=\"elementor-widget-container\">\n\t\t\t<h3 class=\"elementor-heading-title elementor-size-default\">Localiza\u00e7\u00e3o<\/h3>\t\t<\/div>\n\t\t\t\t<\/div>\n\t\t\t\t<div class=\"elementor-element elementor-element-1878fcb elementor-widget elementor-widget-text-editor\" data-id=\"1878fcb\" data-element_type=\"widget\" data-widget_type=\"text-editor.default\">\n\t\t\t\t<div class=\"elementor-widget-container\">\n\t\t\t\t\t\t\t<p>Av.Brg. Faria Lima, 1811 Jardim Paulista <br \/>S\u00e3o Paulo &#8211; SP CEP 01452-001<\/p>\t\t\t\t\t\t<\/div>\n\t\t\t\t<\/div>\n\t\t\t\t<div class=\"elementor-element elementor-element-b9a923f elementor-widget elementor-widget-button\" data-id=\"b9a923f\" data-element_type=\"widget\" data-widget_type=\"button.default\">\n\t\t\t\t<div class=\"elementor-widget-container\">\n\t\t\t\t\t<div class=\"elementor-button-wrapper\">\n\t\t\t<a class=\"elementor-button elementor-button-link elementor-size-sm elementor-animation-grow\" href=\"https:\/\/goo.gl\/maps\/hfkv4zGvTdvjWc7w7\" target=\"_blank\">\n\t\t\t\t\t\t<span class=\"elementor-button-content-wrapper\">\n\t\t\t\t\t\t<span class=\"elementor-button-icon elementor-align-icon-right\">\n\t\t\t\t<i aria-hidden=\"true\" class=\"fas fa-angle-right\"><\/i>\t\t\t<\/span>\n\t\t\t\t\t\t<span class=\"elementor-button-text\">ACESSAR GOOGLE MAPS<\/span>\n\t\t<\/span>\n\t\t\t\t\t<\/a>\n\t\t<\/div>\n\t\t\t\t<\/div>\n\t\t\t\t<\/div>\n\t\t\t\t<\/div>\n\t\t\t\t\t<\/div>\n\t\t\t\t<\/div>\n\t\t\t\t\t<\/div>\n\t\t\t\t<\/div>\n\t\t<div class=\"elementor-element elementor-element-0b817cc e-con-full e-flex elementor-invisible e-con\" data-id=\"0b817cc\" data-element_type=\"container\" data-settings=\"{&quot;content_width&quot;:&quot;full&quot;,&quot;animation&quot;:&quot;fadeIn&quot;}\">\n\t\t\t\t<div class=\"elementor-element elementor-element-a7b542f maps elementor-widget elementor-widget-text-editor\" data-id=\"a7b542f\" data-element_type=\"widget\" data-widget_type=\"text-editor.default\">\n\t\t\t\t<div class=\"elementor-widget-container\">\n\t\t\t\t\t\t\t<iframe loading=\"lazy\" style=\"border: 0;\" src=\"https:\/\/www.google.com\/maps\/embed?pb=!1m18!1m12!1m3!1d3656.870911824322!2d-46.69136088502198!3d-23.57307928467706!2m3!1f0!2f0!3f0!3m2!1i1024!2i768!4f13.1!3m3!1m2!1s0x94ce5778e84c93bf%3A0x48e7b6f5a58fcfe7!2sAv.%20Brg.%20Faria%20Lima%2C%201811%20-%20Jardim%20Paulista%2C%20S%C3%A3o%20Paulo%20-%20SP%2C%2001452-001!5e0!3m2!1spt-BR!2sbr!4v1678755739066!5m2!1spt-BR!2sbr\" width=\"600\" height=\"616\" allowfullscreen=\"allowfullscreen\"><\/iframe>\t\t\t\t\t\t<\/div>\n\t\t\t\t<\/div>\n\t\t\t\t<\/div>\n\t\t\t\t\t\t\t<\/div>","protected":false},"excerpt":{"rendered":"<p>Fale Conosco Fale conosco Prezamos o compromisso, atendimento ao cliente e a entrega de resultados em nossa empresa. Qualquer d\u00favida, por favor entre em contato conosco, teremos prazer em atend\u00ea-lo. Atrav\u00e9s dos nossos canais de atendimento! FUZARO ADVOGADOS Mais Informa\u00e7\u00f5es Telefone (11) 3816 6658 LIGAR PARA FUZARO Email fuzaroadvogados@fuzaroadvogados.com.br ENVIAR EMAIL Localiza\u00e7\u00e3o Av.Brg. Faria Lima, [&hellip;]<\/p>","protected":false},"author":20,"featured_media":0,"parent":0,"menu_order":0,"comment_status":"closed","ping_status":"closed","template":"","meta":[],"yoast_head":"<!-- This site is optimized with the Yoast SEO plugin v20.12 - https:\/\/yoast.com\/wordpress\/plugins\/seo\/ -->\n<title>Fale Conosco | Fuzaro Advogados<\/title>\n<meta name=\"description\" content=\"Entre em contato e fale conosco para tirar suas d\u00favidas! Estamos prontos para atend\u00ea-lo em hor\u00e1rio comercial.\" \/>\n<meta name=\"robots\" content=\"noindex, follow, max-snippet:-1, max-image-preview:large, max-video-preview:-1\" \/>\n<meta property=\"og:locale\" content=\"es_ES\" \/>\n<meta property=\"og:type\" content=\"article\" \/>\n<meta property=\"og:title\" content=\"Fale Conosco | Fuzaro Advogados\" \/>\n<meta property=\"og:description\" content=\"Entre em contato e fale conosco para tirar suas d\u00favidas! Estamos prontos para atend\u00ea-lo em hor\u00e1rio comercial.\" \/>\n<meta property=\"og:url\" content=\"https:\/\/fuzaro.siteup.dev\/es\/fale-conosco\/\" \/>\n<meta property=\"og:site_name\" content=\"Fuzaro\" \/>\n<meta property=\"article:modified_time\" content=\"2023-06-27T21:50:06+00:00\" \/>\n<meta property=\"og:image\" content=\"https:\/\/fuzaro.siteup.dev\/wp-content\/uploads\/2023\/03\/advogados-sp-5.png\" \/>\n<meta name=\"twitter:card\" content=\"summary_large_image\" \/>\n<meta name=\"twitter:label1\" content=\"Tiempo de lectura\" \/>\n\t<meta name=\"twitter:data1\" content=\"1 minuto\" \/>\n<script type=\"application\/ld+json\" class=\"yoast-schema-graph\">{\"@context\":\"https:\/\/schema.org\",\"@graph\":[{\"@type\":\"WebPage\",\"@id\":\"https:\/\/fuzaro.siteup.dev\/en\/fale-conosco\/\",\"url\":\"https:\/\/fuzaro.siteup.dev\/en\/fale-conosco\/\",\"name\":\"Fale Conosco | Fuzaro Advogados\",\"isPartOf\":{\"@id\":\"https:\/\/fuzaro.siteup.dev\/#website\"},\"datePublished\":\"2023-03-09T23:08:44+00:00\",\"dateModified\":\"2023-06-27T21:50:06+00:00\",\"description\":\"Entre em contato e fale conosco para tirar suas d\u00favidas! Estamos prontos para atend\u00ea-lo em hor\u00e1rio comercial.\",\"breadcrumb\":{\"@id\":\"https:\/\/fuzaro.siteup.dev\/en\/fale-conosco\/#breadcrumb\"},\"inLanguage\":\"es\",\"potentialAction\":[{\"@type\":\"ReadAction\",\"target\":[\"https:\/\/fuzaro.siteup.dev\/en\/fale-conosco\/\"]}]},{\"@type\":\"BreadcrumbList\",\"@id\":\"https:\/\/fuzaro.siteup.dev\/en\/fale-conosco\/#breadcrumb\",\"itemListElement\":[{\"@type\":\"ListItem\",\"position\":1,\"name\":\"Home &gt;\",\"item\":\"https:\/\/fuzaro.siteup.dev\/\"},{\"@type\":\"ListItem\",\"position\":2,\"name\":\"Fale Conosco\"}]},{\"@type\":\"WebSite\",\"@id\":\"https:\/\/fuzaro.siteup.dev\/#website\",\"url\":\"https:\/\/fuzaro.siteup.dev\/\",\"name\":\"Fuzaro\",\"description\":\"Advogados\",\"publisher\":{\"@id\":\"https:\/\/fuzaro.siteup.dev\/#organization\"},\"potentialAction\":[{\"@type\":\"SearchAction\",\"target\":{\"@type\":\"EntryPoint\",\"urlTemplate\":\"https:\/\/fuzaro.siteup.dev\/?s={search_term_string}\"},\"query-input\":\"required name=search_term_string\"}],\"inLanguage\":\"es\"},{\"@type\":\"Organization\",\"@id\":\"https:\/\/fuzaro.siteup.dev\/#organization\",\"name\":\"Fuzaro\",\"url\":\"https:\/\/fuzaro.siteup.dev\/\",\"logo\":{\"@type\":\"ImageObject\",\"inLanguage\":\"es\",\"@id\":\"https:\/\/fuzaro.siteup.dev\/#\/schema\/logo\/image\/\",\"url\":\"https:\/\/fuzaro.siteup.dev\/wp-content\/uploads\/2023\/03\/advogados-sp-2.png\",\"contentUrl\":\"https:\/\/fuzaro.siteup.dev\/wp-content\/uploads\/2023\/03\/advogados-sp-2.png\",\"width\":460,\"height\":134,\"caption\":\"Fuzaro \"},\"image\":{\"@id\":\"https:\/\/fuzaro.siteup.dev\/#\/schema\/logo\/image\/\"}}]}<\/script>\n<!-- \/ Yoast SEO plugin. -->","yoast_head_json":{"title":"Fale Conosco | Fuzaro Advogados","description":"Entre em contato e fale conosco para tirar suas d\u00favidas! Estamos prontos para atend\u00ea-lo em hor\u00e1rio comercial.","robots":{"index":"noindex","follow":"follow","max-snippet":"max-snippet:-1","max-image-preview":"max-image-preview:large","max-video-preview":"max-video-preview:-1"},"og_locale":"es_ES","og_type":"article","og_title":"Fale Conosco | Fuzaro Advogados","og_description":"Entre em contato e fale conosco para tirar suas d\u00favidas! Estamos prontos para atend\u00ea-lo em hor\u00e1rio comercial.","og_url":"https:\/\/fuzaro.siteup.dev\/es\/fale-conosco\/","og_site_name":"Fuzaro","article_modified_time":"2023-06-27T21:50:06+00:00","og_image":[{"url":"https:\/\/fuzaro.siteup.dev\/wp-content\/uploads\/2023\/03\/advogados-sp-5.png"}],"twitter_card":"summary_large_image","twitter_misc":{"Tiempo de lectura":"1 minuto"},"schema":{"@context":"https:\/\/schema.org","@graph":[{"@type":"WebPage","@id":"https:\/\/fuzaro.siteup.dev\/en\/fale-conosco\/","url":"https:\/\/fuzaro.siteup.dev\/en\/fale-conosco\/","name":"Fale Conosco | Fuzaro Advogados","isPartOf":{"@id":"https:\/\/fuzaro.siteup.dev\/#website"},"datePublished":"2023-03-09T23:08:44+00:00","dateModified":"2023-06-27T21:50:06+00:00","description":"Entre em contato e fale conosco para tirar suas d\u00favidas! Estamos prontos para atend\u00ea-lo em hor\u00e1rio comercial.","breadcrumb":{"@id":"https:\/\/fuzaro.siteup.dev\/en\/fale-conosco\/#breadcrumb"},"inLanguage":"es","potentialAction":[{"@type":"ReadAction","target":["https:\/\/fuzaro.siteup.dev\/en\/fale-conosco\/"]}]},{"@type":"BreadcrumbList","@id":"https:\/\/fuzaro.siteup.dev\/en\/fale-conosco\/#breadcrumb","itemListElement":[{"@type":"ListItem","position":1,"name":"Home &gt;","item":"https:\/\/fuzaro.siteup.dev\/"},{"@type":"ListItem","position":2,"name":"Fale Conosco"}]},{"@type":"WebSite","@id":"https:\/\/fuzaro.siteup.dev\/#website","url":"https:\/\/fuzaro.siteup.dev\/","name":"Fuzaro","description":"Advogados","publisher":{"@id":"https:\/\/fuzaro.siteup.dev\/#organization"},"potentialAction":[{"@type":"SearchAction","target":{"@type":"EntryPoint","urlTemplate":"https:\/\/fuzaro.siteup.dev\/?s={search_term_string}"},"query-input":"required name=search_term_string"}],"inLanguage":"es"},{"@type":"Organization","@id":"https:\/\/fuzaro.siteup.dev\/#organization","name":"Fuzaro","url":"https:\/\/fuzaro.siteup.dev\/","logo":{"@type":"ImageObject","inLanguage":"es","@id":"https:\/\/fuzaro.siteup.dev\/#\/schema\/logo\/image\/","url":"https:\/\/fuzaro.siteup.dev\/wp-content\/uploads\/2023\/03\/advogados-sp-2.png","contentUrl":"https:\/\/fuzaro.siteup.dev\/wp-content\/uploads\/2023\/03\/advogados-sp-2.png","width":460,"height":134,"caption":"Fuzaro "},"image":{"@id":"https:\/\/fuzaro.siteup.dev\/#\/schema\/logo\/image\/"}}]}},"_links":{"self":[{"href":"https:\/\/fuzaro.siteup.dev\/es\/wp-json\/wp\/v2\/pages\/240"}],"collection":[{"href":"https:\/\/fuzaro.siteup.dev\/es\/wp-json\/wp\/v2\/pages"}],"about":[{"href":"https:\/\/fuzaro.siteup.dev\/es\/wp-json\/wp\/v2\/types\/page"}],"author":[{"embeddable":true,"href":"https:\/\/fuzaro.siteup.dev\/es\/wp-json\/wp\/v2\/users\/20"}],"replies":[{"embeddable":true,"href":"https:\/\/fuzaro.siteup.dev\/es\/wp-json\/wp\/v2\/comments?post=240"}],"version-history":[{"count":131,"href":"https:\/\/fuzaro.siteup.dev\/es\/wp-json\/wp\/v2\/pages\/240\/revisions"}],"predecessor-version":[{"id":1314,"href":"https:\/\/fuzaro.siteup.dev\/es\/wp-json\/wp\/v2\/pages\/240\/revisions\/1314"}],"wp:attachment":[{"href":"https:\/\/fuzaro.siteup.dev\/es\/wp-json\/wp\/v2\/media?parent=240"}],"curies":[{"name":"wp","href":"https:\/\/api.w.org\/{rel}","templated":true}]}}