{"id":236,"date":"2023-03-09T20:08:24","date_gmt":"2023-03-09T23:08:24","guid":{"rendered":"https:\/\/fuzaro.siteup.dev\/?page_id=236"},"modified":"2023-06-27T19:13:26","modified_gmt":"2023-06-27T22:13:26","slug":"lcc-contabilidade","status":"publish","type":"page","link":"https:\/\/fuzaro.siteup.dev\/es\/lcc-contabilidade\/","title":{"rendered":"LCC Contabilidade"},"content":{"rendered":"<div data-elementor-type=\"wp-page\" data-elementor-id=\"236\" class=\"elementor elementor-236\" data-elementor-post-type=\"page\">\n\t\t\t\t\t\t\t<div class=\"elementor-element elementor-element-7ecda71 e-flex e-con-boxed e-con\" data-id=\"7ecda71\" data-element_type=\"container\" data-settings=\"{&quot;background_background&quot;:&quot;classic&quot;,&quot;background_motion_fx_motion_fx_scrolling&quot;:&quot;yes&quot;,&quot;content_width&quot;:&quot;boxed&quot;,&quot;background_motion_fx_devices&quot;:[&quot;widescreen&quot;,&quot;desktop&quot;,&quot;tablet&quot;,&quot;mobile&quot;]}\">\n\t\t\t\t\t<div class=\"e-con-inner\">\n\t\t\t\t<div class=\"elementor-element elementor-element-86540c8 elementor-widget elementor-widget-heading\" data-id=\"86540c8\" data-element_type=\"widget\" data-widget_type=\"heading.default\">\n\t\t\t\t<div class=\"elementor-widget-container\">\n\t\t\t<h2 class=\"elementor-heading-title elementor-size-default\">LCC Contabilidade Rural<\/h2>\t\t<\/div>\n\t\t\t\t<\/div>\n\t\t\t\t<div class=\"elementor-element elementor-element-e38a7b2 elementor-widget elementor-widget-breadcrumbs\" data-id=\"e38a7b2\" data-element_type=\"widget\" data-widget_type=\"breadcrumbs.default\">\n\t\t\t\t<div class=\"elementor-widget-container\">\n\t\t\t<p id=\"breadcrumbs\"><span><span><a href=\"https:\/\/fuzaro.siteup.dev\/es\/\">Home &gt;<\/a><\/span><\/span><\/p>\t\t<\/div>\n\t\t\t\t<\/div>\n\t\t\t\t\t<\/div>\n\t\t\t\t<\/div>\n\t\t<div class=\"elementor-element elementor-element-5320fc4 e-flex e-con-boxed e-con\" data-id=\"5320fc4\" data-element_type=\"container\" data-settings=\"{&quot;content_width&quot;:&quot;boxed&quot;}\">\n\t\t\t\t\t<div class=\"e-con-inner\">\n\t\t<div class=\"elementor-element elementor-element-1feb35b e-con-full e-flex e-con\" data-id=\"1feb35b\" data-element_type=\"container\" data-settings=\"{&quot;content_width&quot;:&quot;full&quot;}\">\n\t\t\t\t<div class=\"elementor-element elementor-element-fe55396 elementor-invisible elementor-widget elementor-widget-image\" data-id=\"fe55396\" data-element_type=\"widget\" data-settings=\"{&quot;_animation&quot;:&quot;fadeInDown&quot;}\" data-widget_type=\"image.default\">\n\t\t\t\t<div class=\"elementor-widget-container\">\n\t\t\t\t\t\t\t\t\t\t\t\t\t\t\t<img decoding=\"async\" width=\"414\" height=\"414\" src=\"https:\/\/fuzaro.siteup.dev\/wp-content\/uploads\/2023\/03\/advogados-sp-5.png\" class=\"attachment-full size-full wp-image-224\" alt=\"advogados sp\" loading=\"lazy\" srcset=\"https:\/\/fuzaro.siteup.dev\/wp-content\/uploads\/2023\/03\/advogados-sp-5.png 414w, https:\/\/fuzaro.siteup.dev\/wp-content\/uploads\/2023\/03\/advogados-sp-5-300x300.png 300w, https:\/\/fuzaro.siteup.dev\/wp-content\/uploads\/2023\/03\/advogados-sp-5-150x150.png 150w\" sizes=\"(max-width: 414px) 100vw, 414px\" \/>\t\t\t\t\t\t\t\t\t\t\t\t\t\t\t<\/div>\n\t\t\t\t<\/div>\n\t\t\t\t<\/div>\n\t\t<div class=\"elementor-element elementor-element-5dddeb7 e-con-full e-flex elementor-invisible e-con\" data-id=\"5dddeb7\" data-element_type=\"container\" data-settings=\"{&quot;content_width&quot;:&quot;full&quot;,&quot;animation&quot;:&quot;fadeIn&quot;}\">\n\t\t\t\t<div class=\"elementor-element elementor-element-f5488ca elementor-widget elementor-widget-heading\" data-id=\"f5488ca\" data-element_type=\"widget\" data-widget_type=\"heading.default\">\n\t\t\t\t<div class=\"elementor-widget-container\">\n\t\t\t<h1 class=\"elementor-heading-title elementor-size-default\">Contabilidade Rural<\/h1>\t\t<\/div>\n\t\t\t\t<\/div>\n\t\t\t\t<div class=\"elementor-element elementor-element-f365d2b elementor-widget__width-initial elementor-widget elementor-widget-text-editor\" data-id=\"f365d2b\" data-element_type=\"widget\" data-widget_type=\"text-editor.default\">\n\t\t\t\t<div class=\"elementor-widget-container\">\n\t\t\t\t\t\t\t<p>LCC Contabilidade Rural \u00e9 parceira da Fuzaro Advogados, trabalhando principalmente no setor cont\u00e1bil do agroneg\u00f3cio. Ela existe a mais de vinte anos no mercado, sempre trazendo resultados aos seus clientes.<\/p>\t\t\t\t\t\t<\/div>\n\t\t\t\t<\/div>\n\t\t\t\t<\/div>\n\t\t\t\t\t<\/div>\n\t\t\t\t<\/div>\n\t\t<div class=\"elementor-element elementor-element-ef4212d e-con-full e-flex elementor-invisible e-con\" data-id=\"ef4212d\" data-element_type=\"container\" data-settings=\"{&quot;content_width&quot;:&quot;full&quot;,&quot;animation&quot;:&quot;fadeIn&quot;}\">\n\t\t<div class=\"elementor-element elementor-element-da3b327 e-con-full e-flex e-con\" data-id=\"da3b327\" data-element_type=\"container\" data-settings=\"{&quot;content_width&quot;:&quot;full&quot;,&quot;background_background&quot;:&quot;classic&quot;}\">\n\t\t\t\t<\/div>\n\t\t<div class=\"elementor-element elementor-element-b0ed930 e-con-full e-flex e-con\" data-id=\"b0ed930\" data-element_type=\"container\" data-settings=\"{&quot;content_width&quot;:&quot;full&quot;,&quot;background_background&quot;:&quot;classic&quot;}\">\n\t\t\t\t<div class=\"elementor-element elementor-element-ee66850 elementor-widget elementor-widget-heading\" data-id=\"ee66850\" data-element_type=\"widget\" data-widget_type=\"heading.default\">\n\t\t\t\t<div class=\"elementor-widget-container\">\n\t\t\t<h2 class=\"elementor-heading-title elementor-size-default\">40 anos \n<\/h2>\t\t<\/div>\n\t\t\t\t<\/div>\n\t\t\t\t<div class=\"elementor-element elementor-element-289741d elementor-widget elementor-widget-heading\" data-id=\"289741d\" data-element_type=\"widget\" data-widget_type=\"heading.default\">\n\t\t\t\t<div class=\"elementor-widget-container\">\n\t\t\t<h2 class=\"elementor-heading-title elementor-size-default\">\nde Experi\u00eancia com Qualidade<\/h2>\t\t<\/div>\n\t\t\t\t<\/div>\n\t\t\t\t<div class=\"elementor-element elementor-element-36fdced elementor-widget__width-initial elementor-widget elementor-widget-text-editor\" data-id=\"36fdced\" data-element_type=\"widget\" data-widget_type=\"text-editor.default\">\n\t\t\t\t<div class=\"elementor-widget-container\">\n\t\t\t\t\t\t\t<p>A LCC Contabilidade Rural trabalha a mais de 40 anos na \u00e1rea de contabilidade e tributa\u00e7\u00e3o rural.<br \/><br \/>Somos reconhecidos por oferecer um servi\u00e7o de qualidade.<\/p>\t\t\t\t\t\t<\/div>\n\t\t\t\t<\/div>\n\t\t\t\t<\/div>\n\t\t\t\t<\/div>\n\t\t<div class=\"elementor-element elementor-element-1c68e8d e-con-full e-flex elementor-invisible e-con\" data-id=\"1c68e8d\" data-element_type=\"container\" data-settings=\"{&quot;content_width&quot;:&quot;full&quot;,&quot;animation&quot;:&quot;fadeIn&quot;}\">\n\t\t<div class=\"elementor-element elementor-element-029e73d e-con-full e-flex e-con\" data-id=\"029e73d\" data-element_type=\"container\" data-settings=\"{&quot;content_width&quot;:&quot;full&quot;,&quot;background_background&quot;:&quot;classic&quot;}\">\n\t\t\t\t<\/div>\n\t\t<div class=\"elementor-element elementor-element-708026d e-con-full e-flex e-con\" data-id=\"708026d\" data-element_type=\"container\" data-settings=\"{&quot;content_width&quot;:&quot;full&quot;,&quot;background_background&quot;:&quot;classic&quot;}\">\n\t\t\t\t<div class=\"elementor-element elementor-element-da83f95 elementor-widget elementor-widget-heading\" data-id=\"da83f95\" data-element_type=\"widget\" data-widget_type=\"heading.default\">\n\t\t\t\t<div class=\"elementor-widget-container\">\n\t\t\t<h2 class=\"elementor-heading-title elementor-size-default\">Tributa\u00e7\u00e3o<\/h2>\t\t<\/div>\n\t\t\t\t<\/div>\n\t\t\t\t<div class=\"elementor-element elementor-element-c1d63cd elementor-widget elementor-widget-text-editor\" data-id=\"c1d63cd\" data-element_type=\"widget\" data-widget_type=\"text-editor.default\">\n\t\t\t\t<div class=\"elementor-widget-container\">\n\t\t\t\t\t\t\t<p>A LCC trabalha com, principalmente, tributa\u00e7\u00e3o rural e de empresas.<\/p><p><br \/><strong>Alguns desses impostos s\u00e3o:<\/strong><\/p>\t\t\t\t\t\t<\/div>\n\t\t\t\t<\/div>\n\t\t\t\t<div class=\"elementor-element elementor-element-c83f6ba elementor-icon-list--layout-traditional elementor-list-item-link-full_width elementor-widget elementor-widget-icon-list\" data-id=\"c83f6ba\" data-element_type=\"widget\" data-widget_type=\"icon-list.default\">\n\t\t\t\t<div class=\"elementor-widget-container\">\n\t\t\t\t\t<ul class=\"elementor-icon-list-items\">\n\t\t\t\t\t\t\t<li class=\"elementor-icon-list-item\">\n\t\t\t\t\t\t\t\t\t\t\t<span class=\"elementor-icon-list-icon\">\n\t\t\t\t\t\t\t<i aria-hidden=\"true\" class=\"fas fa-check\"><\/i>\t\t\t\t\t\t<\/span>\n\t\t\t\t\t\t\t\t\t\t<span class=\"elementor-icon-list-text\">ICMS;<\/span>\n\t\t\t\t\t\t\t\t\t<\/li>\n\t\t\t\t\t\t\t\t<li class=\"elementor-icon-list-item\">\n\t\t\t\t\t\t\t\t\t\t\t<span class=\"elementor-icon-list-icon\">\n\t\t\t\t\t\t\t<i aria-hidden=\"true\" class=\"fas fa-check\"><\/i>\t\t\t\t\t\t<\/span>\n\t\t\t\t\t\t\t\t\t\t<span class=\"elementor-icon-list-text\">ITR;<\/span>\n\t\t\t\t\t\t\t\t\t<\/li>\n\t\t\t\t\t\t\t\t<li class=\"elementor-icon-list-item\">\n\t\t\t\t\t\t\t\t\t\t\t<span class=\"elementor-icon-list-icon\">\n\t\t\t\t\t\t\t<i aria-hidden=\"true\" class=\"fas fa-check\"><\/i>\t\t\t\t\t\t<\/span>\n\t\t\t\t\t\t\t\t\t\t<span class=\"elementor-icon-list-text\">Funrural;<\/span>\n\t\t\t\t\t\t\t\t\t<\/li>\n\t\t\t\t\t\t\t\t<li class=\"elementor-icon-list-item\">\n\t\t\t\t\t\t\t\t\t\t\t<span class=\"elementor-icon-list-icon\">\n\t\t\t\t\t\t\t<i aria-hidden=\"true\" class=\"fas fa-check\"><\/i>\t\t\t\t\t\t<\/span>\n\t\t\t\t\t\t\t\t\t\t<span class=\"elementor-icon-list-text\">IRPF;<\/span>\n\t\t\t\t\t\t\t\t\t<\/li>\n\t\t\t\t\t\t\t\t<li class=\"elementor-icon-list-item\">\n\t\t\t\t\t\t\t\t\t\t\t<span class=\"elementor-icon-list-icon\">\n\t\t\t\t\t\t\t<i aria-hidden=\"true\" class=\"fas fa-check\"><\/i>\t\t\t\t\t\t<\/span>\n\t\t\t\t\t\t\t\t\t\t<span class=\"elementor-icon-list-text\">Entre outros.<\/span>\n\t\t\t\t\t\t\t\t\t<\/li>\n\t\t\t\t\t\t<\/ul>\n\t\t\t\t<\/div>\n\t\t\t\t<\/div>\n\t\t\t\t<\/div>\n\t\t\t\t<\/div>\n\t\t\t\t\t\t\t<\/div>","protected":false},"excerpt":{"rendered":"<p>LCC Contabilidade Rural Contabilidade Rural LCC Contabilidade Rural \u00e9 parceira da Fuzaro Advogados, trabalhando principalmente no setor cont\u00e1bil do agroneg\u00f3cio. Ela existe a mais de vinte anos no mercado, sempre trazendo resultados aos seus clientes. 40 anos de Experi\u00eancia com Qualidade A LCC Contabilidade Rural trabalha a mais de 40 anos na \u00e1rea de contabilidade [&hellip;]<\/p>","protected":false},"author":20,"featured_media":0,"parent":0,"menu_order":0,"comment_status":"closed","ping_status":"closed","template":"","meta":[],"yoast_head":"<!-- This site is optimized with the Yoast SEO plugin v20.12 - https:\/\/yoast.com\/wordpress\/plugins\/seo\/ -->\n<title>Contabilidade Rural | LCC Contabilidade<\/title>\n<meta name=\"description\" content=\"Se voc\u00ea precisa de consultoria ou apoio para contabilidade rural, a LCC Contabilidade \u00e9 o lugar certo. Somos especialistas no assunto.\" \/>\n<meta name=\"robots\" content=\"noindex, follow, max-snippet:-1, max-image-preview:large, max-video-preview:-1\" \/>\n<meta property=\"og:locale\" content=\"es_ES\" \/>\n<meta property=\"og:type\" content=\"article\" \/>\n<meta property=\"og:title\" content=\"Contabilidade Rural | LCC Contabilidade\" \/>\n<meta property=\"og:description\" content=\"Se voc\u00ea precisa de consultoria ou apoio para contabilidade rural, a LCC Contabilidade \u00e9 o lugar certo. Somos especialistas no assunto.\" \/>\n<meta property=\"og:url\" content=\"https:\/\/fuzaro.siteup.dev\/es\/lcc-contabilidade\/\" \/>\n<meta property=\"og:site_name\" content=\"Fuzaro\" \/>\n<meta property=\"article:modified_time\" content=\"2023-06-27T22:13:26+00:00\" \/>\n<meta property=\"og:image\" content=\"https:\/\/fuzaro.siteup.dev\/wp-content\/uploads\/2023\/03\/advogados-sp-5.png\" \/>\n<meta name=\"twitter:card\" content=\"summary_large_image\" \/>\n<meta name=\"twitter:label1\" content=\"Tiempo de lectura\" \/>\n\t<meta name=\"twitter:data1\" content=\"1 minuto\" \/>\n<script type=\"application\/ld+json\" class=\"yoast-schema-graph\">{\"@context\":\"https:\/\/schema.org\",\"@graph\":[{\"@type\":\"WebPage\",\"@id\":\"https:\/\/fuzaro.siteup.dev\/lcc-contabilidade\/\",\"url\":\"https:\/\/fuzaro.siteup.dev\/lcc-contabilidade\/\",\"name\":\"Contabilidade Rural | LCC Contabilidade\",\"isPartOf\":{\"@id\":\"https:\/\/fuzaro.siteup.dev\/#website\"},\"datePublished\":\"2023-03-09T23:08:24+00:00\",\"dateModified\":\"2023-06-27T22:13:26+00:00\",\"description\":\"Se voc\u00ea precisa de consultoria ou apoio para contabilidade rural, a LCC Contabilidade \u00e9 o lugar certo. Somos especialistas no assunto.\",\"breadcrumb\":{\"@id\":\"https:\/\/fuzaro.siteup.dev\/lcc-contabilidade\/#breadcrumb\"},\"inLanguage\":\"es\",\"potentialAction\":[{\"@type\":\"ReadAction\",\"target\":[\"https:\/\/fuzaro.siteup.dev\/lcc-contabilidade\/\"]}]},{\"@type\":\"BreadcrumbList\",\"@id\":\"https:\/\/fuzaro.siteup.dev\/lcc-contabilidade\/#breadcrumb\",\"itemListElement\":[{\"@type\":\"ListItem\",\"position\":1,\"name\":\"Home &gt;\",\"item\":\"https:\/\/fuzaro.siteup.dev\/\"},{\"@type\":\"ListItem\",\"position\":2,\"name\":\"LCC Contabilidade\"}]},{\"@type\":\"WebSite\",\"@id\":\"https:\/\/fuzaro.siteup.dev\/#website\",\"url\":\"https:\/\/fuzaro.siteup.dev\/\",\"name\":\"Fuzaro\",\"description\":\"Advogados\",\"publisher\":{\"@id\":\"https:\/\/fuzaro.siteup.dev\/#organization\"},\"potentialAction\":[{\"@type\":\"SearchAction\",\"target\":{\"@type\":\"EntryPoint\",\"urlTemplate\":\"https:\/\/fuzaro.siteup.dev\/?s={search_term_string}\"},\"query-input\":\"required name=search_term_string\"}],\"inLanguage\":\"es\"},{\"@type\":\"Organization\",\"@id\":\"https:\/\/fuzaro.siteup.dev\/#organization\",\"name\":\"Fuzaro\",\"url\":\"https:\/\/fuzaro.siteup.dev\/\",\"logo\":{\"@type\":\"ImageObject\",\"inLanguage\":\"es\",\"@id\":\"https:\/\/fuzaro.siteup.dev\/#\/schema\/logo\/image\/\",\"url\":\"https:\/\/fuzaro.siteup.dev\/wp-content\/uploads\/2023\/03\/advogados-sp-2.png\",\"contentUrl\":\"https:\/\/fuzaro.siteup.dev\/wp-content\/uploads\/2023\/03\/advogados-sp-2.png\",\"width\":460,\"height\":134,\"caption\":\"Fuzaro \"},\"image\":{\"@id\":\"https:\/\/fuzaro.siteup.dev\/#\/schema\/logo\/image\/\"}}]}<\/script>\n<!-- \/ Yoast SEO plugin. -->","yoast_head_json":{"title":"Contabilidade Rural | LCC Contabilidade","description":"Se voc\u00ea precisa de consultoria ou apoio para contabilidade rural, a LCC Contabilidade \u00e9 o lugar certo. Somos especialistas no assunto.","robots":{"index":"noindex","follow":"follow","max-snippet":"max-snippet:-1","max-image-preview":"max-image-preview:large","max-video-preview":"max-video-preview:-1"},"og_locale":"es_ES","og_type":"article","og_title":"Contabilidade Rural | LCC Contabilidade","og_description":"Se voc\u00ea precisa de consultoria ou apoio para contabilidade rural, a LCC Contabilidade \u00e9 o lugar certo. Somos especialistas no assunto.","og_url":"https:\/\/fuzaro.siteup.dev\/es\/lcc-contabilidade\/","og_site_name":"Fuzaro","article_modified_time":"2023-06-27T22:13:26+00:00","og_image":[{"url":"https:\/\/fuzaro.siteup.dev\/wp-content\/uploads\/2023\/03\/advogados-sp-5.png"}],"twitter_card":"summary_large_image","twitter_misc":{"Tiempo de lectura":"1 minuto"},"schema":{"@context":"https:\/\/schema.org","@graph":[{"@type":"WebPage","@id":"https:\/\/fuzaro.siteup.dev\/lcc-contabilidade\/","url":"https:\/\/fuzaro.siteup.dev\/lcc-contabilidade\/","name":"Contabilidade Rural | LCC Contabilidade","isPartOf":{"@id":"https:\/\/fuzaro.siteup.dev\/#website"},"datePublished":"2023-03-09T23:08:24+00:00","dateModified":"2023-06-27T22:13:26+00:00","description":"Se voc\u00ea precisa de consultoria ou apoio para contabilidade rural, a LCC Contabilidade \u00e9 o lugar certo. Somos especialistas no assunto.","breadcrumb":{"@id":"https:\/\/fuzaro.siteup.dev\/lcc-contabilidade\/#breadcrumb"},"inLanguage":"es","potentialAction":[{"@type":"ReadAction","target":["https:\/\/fuzaro.siteup.dev\/lcc-contabilidade\/"]}]},{"@type":"BreadcrumbList","@id":"https:\/\/fuzaro.siteup.dev\/lcc-contabilidade\/#breadcrumb","itemListElement":[{"@type":"ListItem","position":1,"name":"Home &gt;","item":"https:\/\/fuzaro.siteup.dev\/"},{"@type":"ListItem","position":2,"name":"LCC Contabilidade"}]},{"@type":"WebSite","@id":"https:\/\/fuzaro.siteup.dev\/#website","url":"https:\/\/fuzaro.siteup.dev\/","name":"Fuzaro","description":"Advogados","publisher":{"@id":"https:\/\/fuzaro.siteup.dev\/#organization"},"potentialAction":[{"@type":"SearchAction","target":{"@type":"EntryPoint","urlTemplate":"https:\/\/fuzaro.siteup.dev\/?s={search_term_string}"},"query-input":"required name=search_term_string"}],"inLanguage":"es"},{"@type":"Organization","@id":"https:\/\/fuzaro.siteup.dev\/#organization","name":"Fuzaro","url":"https:\/\/fuzaro.siteup.dev\/","logo":{"@type":"ImageObject","inLanguage":"es","@id":"https:\/\/fuzaro.siteup.dev\/#\/schema\/logo\/image\/","url":"https:\/\/fuzaro.siteup.dev\/wp-content\/uploads\/2023\/03\/advogados-sp-2.png","contentUrl":"https:\/\/fuzaro.siteup.dev\/wp-content\/uploads\/2023\/03\/advogados-sp-2.png","width":460,"height":134,"caption":"Fuzaro "},"image":{"@id":"https:\/\/fuzaro.siteup.dev\/#\/schema\/logo\/image\/"}}]}},"_links":{"self":[{"href":"https:\/\/fuzaro.siteup.dev\/es\/wp-json\/wp\/v2\/pages\/236"}],"collection":[{"href":"https:\/\/fuzaro.siteup.dev\/es\/wp-json\/wp\/v2\/pages"}],"about":[{"href":"https:\/\/fuzaro.siteup.dev\/es\/wp-json\/wp\/v2\/types\/page"}],"author":[{"embeddable":true,"href":"https:\/\/fuzaro.siteup.dev\/es\/wp-json\/wp\/v2\/users\/20"}],"replies":[{"embeddable":true,"href":"https:\/\/fuzaro.siteup.dev\/es\/wp-json\/wp\/v2\/comments?post=236"}],"version-history":[{"count":47,"href":"https:\/\/fuzaro.siteup.dev\/es\/wp-json\/wp\/v2\/pages\/236\/revisions"}],"predecessor-version":[{"id":1334,"href":"https:\/\/fuzaro.siteup.dev\/es\/wp-json\/wp\/v2\/pages\/236\/revisions\/1334"}],"wp:attachment":[{"href":"https:\/\/fuzaro.siteup.dev\/es\/wp-json\/wp\/v2\/media?parent=236"}],"curies":[{"name":"wp","href":"https:\/\/api.w.org\/{rel}","templated":true}]}}