{"id":230,"date":"2023-03-09T20:07:36","date_gmt":"2023-03-09T23:07:36","guid":{"rendered":"https:\/\/fuzaro.siteup.dev\/?page_id=230"},"modified":"2023-06-27T19:45:29","modified_gmt":"2023-06-27T22:45:29","slug":"quem-somos","status":"publish","type":"page","link":"https:\/\/fuzaro.siteup.dev\/es\/quem-somos\/","title":{"rendered":"Quem somos"},"content":{"rendered":"<div data-elementor-type=\"wp-page\" data-elementor-id=\"230\" class=\"elementor elementor-230\" data-elementor-post-type=\"page\">\n\t\t\t\t\t\t\t<div class=\"elementor-element elementor-element-e532dd8 e-flex e-con-boxed e-con\" data-id=\"e532dd8\" data-element_type=\"container\" data-settings=\"{&quot;background_background&quot;:&quot;classic&quot;,&quot;background_motion_fx_motion_fx_scrolling&quot;:&quot;yes&quot;,&quot;content_width&quot;:&quot;boxed&quot;,&quot;background_motion_fx_devices&quot;:[&quot;widescreen&quot;,&quot;desktop&quot;,&quot;tablet&quot;,&quot;mobile&quot;]}\">\n\t\t\t\t\t<div class=\"e-con-inner\">\n\t\t\t\t<div class=\"elementor-element elementor-element-6a17ae5 elementor-widget elementor-widget-heading\" data-id=\"6a17ae5\" data-element_type=\"widget\" data-widget_type=\"heading.default\">\n\t\t\t\t<div class=\"elementor-widget-container\">\n\t\t\t<h1 class=\"elementor-heading-title elementor-size-default\">Quem Somos<\/h1>\t\t<\/div>\n\t\t\t\t<\/div>\n\t\t\t\t<div class=\"elementor-element elementor-element-469c3bb elementor-widget elementor-widget-breadcrumbs\" data-id=\"469c3bb\" data-element_type=\"widget\" data-widget_type=\"breadcrumbs.default\">\n\t\t\t\t<div class=\"elementor-widget-container\">\n\t\t\t<p id=\"breadcrumbs\"><span><span><a href=\"https:\/\/fuzaro.siteup.dev\/es\/\">Home &gt;<\/a><\/span><\/span><\/p>\t\t<\/div>\n\t\t\t\t<\/div>\n\t\t\t\t\t<\/div>\n\t\t\t\t<\/div>\n\t\t<div class=\"elementor-element elementor-element-c8a2270 e-flex e-con-boxed e-con\" data-id=\"c8a2270\" data-element_type=\"container\" data-settings=\"{&quot;content_width&quot;:&quot;boxed&quot;}\">\n\t\t\t\t\t<div class=\"e-con-inner\">\n\t\t<div class=\"elementor-element elementor-element-02b6f96 e-con-full e-flex e-con\" data-id=\"02b6f96\" data-element_type=\"container\" data-settings=\"{&quot;content_width&quot;:&quot;full&quot;}\">\n\t\t\t\t<div class=\"elementor-element elementor-element-2bf167d elementor-invisible elementor-widget elementor-widget-image\" data-id=\"2bf167d\" data-element_type=\"widget\" data-settings=\"{&quot;_animation&quot;:&quot;fadeInDown&quot;}\" data-widget_type=\"image.default\">\n\t\t\t\t<div class=\"elementor-widget-container\">\n\t\t\t\t\t\t\t\t\t\t\t\t\t\t\t<img decoding=\"async\" width=\"414\" height=\"414\" src=\"https:\/\/fuzaro.siteup.dev\/wp-content\/uploads\/2023\/03\/advogados-sp-5.png\" class=\"attachment-full size-full wp-image-224\" alt=\"advogados sp\" loading=\"lazy\" srcset=\"https:\/\/fuzaro.siteup.dev\/wp-content\/uploads\/2023\/03\/advogados-sp-5.png 414w, https:\/\/fuzaro.siteup.dev\/wp-content\/uploads\/2023\/03\/advogados-sp-5-300x300.png 300w, https:\/\/fuzaro.siteup.dev\/wp-content\/uploads\/2023\/03\/advogados-sp-5-150x150.png 150w\" sizes=\"(max-width: 414px) 100vw, 414px\" \/>\t\t\t\t\t\t\t\t\t\t\t\t\t\t\t<\/div>\n\t\t\t\t<\/div>\n\t\t\t\t<\/div>\n\t\t<div class=\"elementor-element elementor-element-604d0f5 e-con-full e-flex elementor-invisible e-con\" data-id=\"604d0f5\" data-element_type=\"container\" data-settings=\"{&quot;content_width&quot;:&quot;full&quot;,&quot;animation&quot;:&quot;fadeIn&quot;}\">\n\t\t\t\t<div class=\"elementor-element elementor-element-6e5290a elementor-widget elementor-widget-heading\" data-id=\"6e5290a\" data-element_type=\"widget\" data-widget_type=\"heading.default\">\n\t\t\t\t<div class=\"elementor-widget-container\">\n\t\t\t<h2 class=\"elementor-heading-title elementor-size-default\">Mais de 30 anos de Experi\u00eancia<\/h2>\t\t<\/div>\n\t\t\t\t<\/div>\n\t\t\t\t<div class=\"elementor-element elementor-element-b69c42c elementor-widget__width-initial elementor-widget elementor-widget-text-editor\" data-id=\"b69c42c\" data-element_type=\"widget\" data-widget_type=\"text-editor.default\">\n\t\t\t\t<div class=\"elementor-widget-container\">\n\t\t\t\t\t\t\t<p>Fundada em 1992, a <strong>Fuzaro Advogados Associados<\/strong> trabalha com <strong>Direito Empresarial, Tribut\u00e1rio, Civil e Ambiental,<\/strong> principalmente com o agroneg\u00f3cio. O fundador da empresa j\u00e1 atua a mais de 50 anos no mercado, sendo reconhecido nacionalmente dentro do ramo.<\/p>\t\t\t\t\t\t<\/div>\n\t\t\t\t<\/div>\n\t\t\t\t<\/div>\n\t\t\t\t\t<\/div>\n\t\t\t\t<\/div>\n\t\t<div class=\"elementor-element elementor-element-8fcf588 e-con-full e-flex e-con\" data-id=\"8fcf588\" data-element_type=\"container\" data-settings=\"{&quot;content_width&quot;:&quot;full&quot;,&quot;background_background&quot;:&quot;classic&quot;}\">\n\t\t<div class=\"elementor-element elementor-element-77e2565 e-flex e-con-boxed elementor-invisible e-con\" data-id=\"77e2565\" data-element_type=\"container\" data-settings=\"{&quot;background_background&quot;:&quot;classic&quot;,&quot;animation&quot;:&quot;fadeIn&quot;,&quot;content_width&quot;:&quot;boxed&quot;}\">\n\t\t\t\t\t<div class=\"e-con-inner\">\n\t\t\t\t<div class=\"elementor-element elementor-element-7fab075 elementor-widget elementor-widget-heading\" data-id=\"7fab075\" data-element_type=\"widget\" data-widget_type=\"heading.default\">\n\t\t\t\t<div class=\"elementor-widget-container\">\n\t\t\t<h2 class=\"elementor-heading-title elementor-size-default\">\u00c9tica e Resultados<\/h2>\t\t<\/div>\n\t\t\t\t<\/div>\n\t\t\t\t<div class=\"elementor-element elementor-element-7dee68e elementor-widget elementor-widget-text-editor\" data-id=\"7dee68e\" data-element_type=\"widget\" data-widget_type=\"text-editor.default\">\n\t\t\t\t<div class=\"elementor-widget-container\">\n\t\t\t\t\t\t\t<p>Fundada em 1992, a <strong>Fuzaro Advogados Associados trabalha com Direito Empresarial, Tribut\u00e1rio, Civil e Ambiental, principalmente com o agroneg\u00f3cio<\/strong>.<\/p><p>O fundador da empresa j\u00e1 atua a mais de 50 anos no mercado, sendo reconhecido nacionalmente dentro do ramo.<\/p><p>N\u00f3s prezamos o compromisso, atendimento ao cliente e a entrega de resultados em nossa empresa.<\/p>\t\t\t\t\t\t<\/div>\n\t\t\t\t<\/div>\n\t\t\t\t<div class=\"elementor-element elementor-element-f13601e elementor-widget elementor-widget-button\" data-id=\"f13601e\" data-element_type=\"widget\" data-widget_type=\"button.default\">\n\t\t\t\t<div class=\"elementor-widget-container\">\n\t\t\t\t\t<div class=\"elementor-button-wrapper\">\n\t\t\t<a class=\"elementor-button elementor-button-link elementor-size-sm elementor-animation-grow\" href=\"#saiba\">\n\t\t\t\t\t\t<span class=\"elementor-button-content-wrapper\">\n\t\t\t\t\t\t<span class=\"elementor-button-icon elementor-align-icon-right\">\n\t\t\t\t<svg xmlns=\"http:\/\/www.w3.org\/2000\/svg\" width=\"20\" height=\"10\" viewbox=\"0 0 20 10\" fill=\"none\"><path d=\"M19.0579 4.53635L19.0574 4.53583L14.9726 0.471108C14.7347 0.203463 14.3247 0.174542 14.0513 0.407624C13.7744 0.643582 13.7418 1.05904 13.9793 1.33497L13.9794 1.33503C13.999 1.35776 14.0202 1.37933 14.0431 1.39946L16.9996 4.34497H1.40907C1.04624 4.34497 0.75 4.63801 0.75 5.00206C0.75 5.36614 1.04627 5.65912 1.40907 5.65912H16.999L14.0431 8.60052C13.7738 8.83763 13.7442 9.24761 13.9793 9.5208C14.2162 9.79592 14.6316 9.82781 14.9078 9.59236L14.9078 9.59231C14.9307 9.57282 14.9524 9.55165 14.9726 9.52886L19.0574 5.46418L19.0579 5.46367C19.3141 5.20731 19.314 4.79272 19.0579 4.53635Z\" fill=\"#EA9C57\" stroke=\"#EA9C57\" stroke-width=\"0.5\"><\/path><\/svg>\t\t\t<\/span>\n\t\t\t\t\t\t<span class=\"elementor-button-text\">Saiba mais<\/span>\n\t\t<\/span>\n\t\t\t\t\t<\/a>\n\t\t<\/div>\n\t\t\t\t<\/div>\n\t\t\t\t<\/div>\n\t\t\t\t\t<\/div>\n\t\t\t\t<\/div>\n\t\t<div class=\"elementor-element elementor-element-dda7aaa e-flex e-con-boxed e-con\" data-id=\"dda7aaa\" data-element_type=\"container\" data-settings=\"{&quot;background_background&quot;:&quot;classic&quot;,&quot;content_width&quot;:&quot;boxed&quot;}\">\n\t\t\t\t\t<div class=\"e-con-inner\">\n\t\t\t\t\t<\/div>\n\t\t\t\t<\/div>\n\t\t\t\t<\/div>\n\t\t<div class=\"elementor-element elementor-element-f4e4d81 e-flex e-con-boxed e-con\" data-id=\"f4e4d81\" data-element_type=\"container\" id=\"saiba\" data-settings=\"{&quot;content_width&quot;:&quot;boxed&quot;}\">\n\t\t\t\t\t<div class=\"e-con-inner\">\n\t\t\t\t<div class=\"elementor-element elementor-element-d5dc2c0 elementor-widget elementor-widget-heading\" data-id=\"d5dc2c0\" data-element_type=\"widget\" data-widget_type=\"heading.default\">\n\t\t\t\t<div class=\"elementor-widget-container\">\n\t\t\t<p class=\"elementor-heading-title elementor-size-default\">FUZARO ADVOGADOS<\/p>\t\t<\/div>\n\t\t\t\t<\/div>\n\t\t\t\t<div class=\"elementor-element elementor-element-99e39d7 elementor-widget elementor-widget-heading\" data-id=\"99e39d7\" data-element_type=\"widget\" data-widget_type=\"heading.default\">\n\t\t\t\t<div class=\"elementor-widget-container\">\n\t\t\t<h2 class=\"elementor-heading-title elementor-size-default\">Miss\u00e3o, Vis\u00e3o e Valores<\/h2>\t\t<\/div>\n\t\t\t\t<\/div>\n\t\t<div class=\"elementor-element elementor-element-b7f77df e-flex e-con-boxed elementor-invisible e-con\" data-id=\"b7f77df\" data-element_type=\"container\" data-settings=\"{&quot;background_background&quot;:&quot;classic&quot;,&quot;animation&quot;:&quot;fadeIn&quot;,&quot;content_width&quot;:&quot;boxed&quot;}\">\n\t\t\t\t\t<div class=\"e-con-inner\">\n\t\t<div class=\"elementor-element elementor-element-af01a30 e-con-full e-flex e-con\" data-id=\"af01a30\" data-element_type=\"container\" data-settings=\"{&quot;content_width&quot;:&quot;full&quot;,&quot;background_background&quot;:&quot;classic&quot;,&quot;animation&quot;:&quot;none&quot;}\">\n\t\t\t\t<div class=\"elementor-element elementor-element-d76bf19 elementor-widget elementor-widget-heading\" data-id=\"d76bf19\" data-element_type=\"widget\" data-widget_type=\"heading.default\">\n\t\t\t\t<div class=\"elementor-widget-container\">\n\t\t\t<h3 class=\"elementor-heading-title elementor-size-default\">Miss\u00e3o<\/h3>\t\t<\/div>\n\t\t\t\t<\/div>\n\t\t\t\t<div class=\"elementor-element elementor-element-5c1d004 elementor-widget elementor-widget-text-editor\" data-id=\"5c1d004\" data-element_type=\"widget\" data-widget_type=\"text-editor.default\">\n\t\t\t\t<div class=\"elementor-widget-container\">\n\t\t\t\t\t\t\t<p>Nossa miss\u00e3o \u00e9 fornecer servi\u00e7os jur\u00eddicos excepcionais, com foco na excel\u00eancia, integridade e solu\u00e7\u00f5es personalizadas aos nossos clientes, buscando sempre a melhor defesa de seus interesses.<\/p>\t\t\t\t\t\t<\/div>\n\t\t\t\t<\/div>\n\t\t\t\t<\/div>\n\t\t<div class=\"elementor-element elementor-element-023400d e-con-full e-flex e-con\" data-id=\"023400d\" data-element_type=\"container\" data-settings=\"{&quot;content_width&quot;:&quot;full&quot;,&quot;background_background&quot;:&quot;classic&quot;}\">\n\t\t\t\t<div class=\"elementor-element elementor-element-ceb6a3f elementor-widget elementor-widget-heading\" data-id=\"ceb6a3f\" data-element_type=\"widget\" data-widget_type=\"heading.default\">\n\t\t\t\t<div class=\"elementor-widget-container\">\n\t\t\t<h3 class=\"elementor-heading-title elementor-size-default\">Vis\u00e3o<\/h3>\t\t<\/div>\n\t\t\t\t<\/div>\n\t\t\t\t<div class=\"elementor-element elementor-element-fbb8c86 elementor-widget elementor-widget-text-editor\" data-id=\"fbb8c86\" data-element_type=\"widget\" data-widget_type=\"text-editor.default\">\n\t\t\t\t<div class=\"elementor-widget-container\">\n\t\t\t\t\t\t\t<p>Nossa vis\u00e3o \u00e9 sermos reconhecidos como um escrit\u00f3rio de advocacia refer\u00eancia na excel\u00eancia dos servi\u00e7os jur\u00eddicos prestados, com a oferta de solu\u00e7\u00f5es inovadoras, tecnol\u00f3gicas e com foco no resultado para nossos clientes.<\/p>\t\t\t\t\t\t<\/div>\n\t\t\t\t<\/div>\n\t\t\t\t<\/div>\n\t\t<div class=\"elementor-element elementor-element-0f78ac7 e-con-full e-flex e-con\" data-id=\"0f78ac7\" data-element_type=\"container\" data-settings=\"{&quot;content_width&quot;:&quot;full&quot;,&quot;background_background&quot;:&quot;classic&quot;}\">\n\t\t\t\t<div class=\"elementor-element elementor-element-78768f7 elementor-widget elementor-widget-heading\" data-id=\"78768f7\" data-element_type=\"widget\" data-widget_type=\"heading.default\">\n\t\t\t\t<div class=\"elementor-widget-container\">\n\t\t\t<h3 class=\"elementor-heading-title elementor-size-default\">Valores<\/h3>\t\t<\/div>\n\t\t\t\t<\/div>\n\t\t\t\t<div class=\"elementor-element elementor-element-beefd39 elementor-widget elementor-widget-text-editor\" data-id=\"beefd39\" data-element_type=\"widget\" data-widget_type=\"text-editor.default\">\n\t\t\t\t<div class=\"elementor-widget-container\">\n\t\t\t\t\t\t\t<p>Algum de nossos valores s\u00e3o:<\/p><ul><li>Excel\u00eancia;<\/li><li>Comprometimento;<\/li><li>Integridade;<\/li><li>Inova\u00e7\u00e3o;<\/li><li>Efici\u00eancia.<\/li><\/ul>\t\t\t\t\t\t<\/div>\n\t\t\t\t<\/div>\n\t\t\t\t<\/div>\n\t\t\t\t\t<\/div>\n\t\t\t\t<\/div>\n\t\t\t\t\t<\/div>\n\t\t\t\t<\/div>\n\t\t\t\t\t\t\t<\/div>","protected":false},"excerpt":{"rendered":"<p>Quem Somos Mais de 30 anos de Experi\u00eancia Fundada em 1992, a Fuzaro Advogados Associados trabalha com Direito Empresarial, Tribut\u00e1rio, Civil e Ambiental, principalmente com o agroneg\u00f3cio. O fundador da empresa j\u00e1 atua a mais de 50 anos no mercado, sendo reconhecido nacionalmente dentro do ramo. \u00c9tica e Resultados Fundada em 1992, a Fuzaro Advogados [&hellip;]<\/p>","protected":false},"author":20,"featured_media":0,"parent":0,"menu_order":0,"comment_status":"closed","ping_status":"closed","template":"","meta":[],"yoast_head":"<!-- This site is optimized with the Yoast SEO plugin v20.12 - https:\/\/yoast.com\/wordpress\/plugins\/seo\/ -->\n<title>Quem Somos | Fuzaro Advogados<\/title>\n<meta name=\"description\" content=\"Fuzaro \u00e9 um escrit\u00f3rio com mais de 30 anos de atua\u00e7\u00e3o em diversas \u00e1reas do direito. Venha conhecer um pouco mais da nossa hist\u00f3ria.\" \/>\n<meta name=\"robots\" content=\"noindex, follow, max-snippet:-1, max-image-preview:large, max-video-preview:-1\" \/>\n<meta property=\"og:locale\" content=\"es_ES\" \/>\n<meta property=\"og:type\" content=\"article\" \/>\n<meta property=\"og:title\" content=\"Quem Somos | Fuzaro Advogados\" \/>\n<meta property=\"og:description\" content=\"Fuzaro \u00e9 um escrit\u00f3rio com mais de 30 anos de atua\u00e7\u00e3o em diversas \u00e1reas do direito. Venha conhecer um pouco mais da nossa hist\u00f3ria.\" \/>\n<meta property=\"og:url\" content=\"https:\/\/fuzaro.siteup.dev\/es\/quem-somos\/\" \/>\n<meta property=\"og:site_name\" content=\"Fuzaro\" \/>\n<meta property=\"article:modified_time\" content=\"2023-06-27T22:45:29+00:00\" \/>\n<meta property=\"og:image\" content=\"https:\/\/fuzaro.siteup.dev\/wp-content\/uploads\/2023\/03\/advogados-sp-5.png\" \/>\n<meta name=\"twitter:card\" content=\"summary_large_image\" \/>\n<meta name=\"twitter:label1\" content=\"Tiempo de lectura\" \/>\n\t<meta name=\"twitter:data1\" content=\"2 minutos\" \/>\n<script type=\"application\/ld+json\" class=\"yoast-schema-graph\">{\"@context\":\"https:\/\/schema.org\",\"@graph\":[{\"@type\":\"WebPage\",\"@id\":\"https:\/\/fuzaro.siteup.dev\/quem-somos\/\",\"url\":\"https:\/\/fuzaro.siteup.dev\/quem-somos\/\",\"name\":\"Quem Somos | Fuzaro Advogados\",\"isPartOf\":{\"@id\":\"https:\/\/fuzaro.siteup.dev\/#website\"},\"datePublished\":\"2023-03-09T23:07:36+00:00\",\"dateModified\":\"2023-06-27T22:45:29+00:00\",\"description\":\"Fuzaro \u00e9 um escrit\u00f3rio com mais de 30 anos de atua\u00e7\u00e3o em diversas \u00e1reas do direito. Venha conhecer um pouco mais da nossa hist\u00f3ria.\",\"breadcrumb\":{\"@id\":\"https:\/\/fuzaro.siteup.dev\/quem-somos\/#breadcrumb\"},\"inLanguage\":\"es\",\"potentialAction\":[{\"@type\":\"ReadAction\",\"target\":[\"https:\/\/fuzaro.siteup.dev\/quem-somos\/\"]}]},{\"@type\":\"BreadcrumbList\",\"@id\":\"https:\/\/fuzaro.siteup.dev\/quem-somos\/#breadcrumb\",\"itemListElement\":[{\"@type\":\"ListItem\",\"position\":1,\"name\":\"Home &gt;\",\"item\":\"https:\/\/fuzaro.siteup.dev\/\"},{\"@type\":\"ListItem\",\"position\":2,\"name\":\"Quem somos\"}]},{\"@type\":\"WebSite\",\"@id\":\"https:\/\/fuzaro.siteup.dev\/#website\",\"url\":\"https:\/\/fuzaro.siteup.dev\/\",\"name\":\"Fuzaro\",\"description\":\"Advogados\",\"publisher\":{\"@id\":\"https:\/\/fuzaro.siteup.dev\/#organization\"},\"potentialAction\":[{\"@type\":\"SearchAction\",\"target\":{\"@type\":\"EntryPoint\",\"urlTemplate\":\"https:\/\/fuzaro.siteup.dev\/?s={search_term_string}\"},\"query-input\":\"required name=search_term_string\"}],\"inLanguage\":\"es\"},{\"@type\":\"Organization\",\"@id\":\"https:\/\/fuzaro.siteup.dev\/#organization\",\"name\":\"Fuzaro\",\"url\":\"https:\/\/fuzaro.siteup.dev\/\",\"logo\":{\"@type\":\"ImageObject\",\"inLanguage\":\"es\",\"@id\":\"https:\/\/fuzaro.siteup.dev\/#\/schema\/logo\/image\/\",\"url\":\"https:\/\/fuzaro.siteup.dev\/wp-content\/uploads\/2023\/03\/advogados-sp-2.png\",\"contentUrl\":\"https:\/\/fuzaro.siteup.dev\/wp-content\/uploads\/2023\/03\/advogados-sp-2.png\",\"width\":460,\"height\":134,\"caption\":\"Fuzaro \"},\"image\":{\"@id\":\"https:\/\/fuzaro.siteup.dev\/#\/schema\/logo\/image\/\"}}]}<\/script>\n<!-- \/ Yoast SEO plugin. -->","yoast_head_json":{"title":"Quem Somos | Fuzaro Advogados","description":"Fuzaro \u00e9 um escrit\u00f3rio com mais de 30 anos de atua\u00e7\u00e3o em diversas \u00e1reas do direito. Venha conhecer um pouco mais da nossa hist\u00f3ria.","robots":{"index":"noindex","follow":"follow","max-snippet":"max-snippet:-1","max-image-preview":"max-image-preview:large","max-video-preview":"max-video-preview:-1"},"og_locale":"es_ES","og_type":"article","og_title":"Quem Somos | Fuzaro Advogados","og_description":"Fuzaro \u00e9 um escrit\u00f3rio com mais de 30 anos de atua\u00e7\u00e3o em diversas \u00e1reas do direito. Venha conhecer um pouco mais da nossa hist\u00f3ria.","og_url":"https:\/\/fuzaro.siteup.dev\/es\/quem-somos\/","og_site_name":"Fuzaro","article_modified_time":"2023-06-27T22:45:29+00:00","og_image":[{"url":"https:\/\/fuzaro.siteup.dev\/wp-content\/uploads\/2023\/03\/advogados-sp-5.png"}],"twitter_card":"summary_large_image","twitter_misc":{"Tiempo de lectura":"2 minutos"},"schema":{"@context":"https:\/\/schema.org","@graph":[{"@type":"WebPage","@id":"https:\/\/fuzaro.siteup.dev\/quem-somos\/","url":"https:\/\/fuzaro.siteup.dev\/quem-somos\/","name":"Quem Somos | Fuzaro Advogados","isPartOf":{"@id":"https:\/\/fuzaro.siteup.dev\/#website"},"datePublished":"2023-03-09T23:07:36+00:00","dateModified":"2023-06-27T22:45:29+00:00","description":"Fuzaro \u00e9 um escrit\u00f3rio com mais de 30 anos de atua\u00e7\u00e3o em diversas \u00e1reas do direito. Venha conhecer um pouco mais da nossa hist\u00f3ria.","breadcrumb":{"@id":"https:\/\/fuzaro.siteup.dev\/quem-somos\/#breadcrumb"},"inLanguage":"es","potentialAction":[{"@type":"ReadAction","target":["https:\/\/fuzaro.siteup.dev\/quem-somos\/"]}]},{"@type":"BreadcrumbList","@id":"https:\/\/fuzaro.siteup.dev\/quem-somos\/#breadcrumb","itemListElement":[{"@type":"ListItem","position":1,"name":"Home &gt;","item":"https:\/\/fuzaro.siteup.dev\/"},{"@type":"ListItem","position":2,"name":"Quem somos"}]},{"@type":"WebSite","@id":"https:\/\/fuzaro.siteup.dev\/#website","url":"https:\/\/fuzaro.siteup.dev\/","name":"Fuzaro","description":"Advogados","publisher":{"@id":"https:\/\/fuzaro.siteup.dev\/#organization"},"potentialAction":[{"@type":"SearchAction","target":{"@type":"EntryPoint","urlTemplate":"https:\/\/fuzaro.siteup.dev\/?s={search_term_string}"},"query-input":"required name=search_term_string"}],"inLanguage":"es"},{"@type":"Organization","@id":"https:\/\/fuzaro.siteup.dev\/#organization","name":"Fuzaro","url":"https:\/\/fuzaro.siteup.dev\/","logo":{"@type":"ImageObject","inLanguage":"es","@id":"https:\/\/fuzaro.siteup.dev\/#\/schema\/logo\/image\/","url":"https:\/\/fuzaro.siteup.dev\/wp-content\/uploads\/2023\/03\/advogados-sp-2.png","contentUrl":"https:\/\/fuzaro.siteup.dev\/wp-content\/uploads\/2023\/03\/advogados-sp-2.png","width":460,"height":134,"caption":"Fuzaro "},"image":{"@id":"https:\/\/fuzaro.siteup.dev\/#\/schema\/logo\/image\/"}}]}},"_links":{"self":[{"href":"https:\/\/fuzaro.siteup.dev\/es\/wp-json\/wp\/v2\/pages\/230"}],"collection":[{"href":"https:\/\/fuzaro.siteup.dev\/es\/wp-json\/wp\/v2\/pages"}],"about":[{"href":"https:\/\/fuzaro.siteup.dev\/es\/wp-json\/wp\/v2\/types\/page"}],"author":[{"embeddable":true,"href":"https:\/\/fuzaro.siteup.dev\/es\/wp-json\/wp\/v2\/users\/20"}],"replies":[{"embeddable":true,"href":"https:\/\/fuzaro.siteup.dev\/es\/wp-json\/wp\/v2\/comments?post=230"}],"version-history":[{"count":83,"href":"https:\/\/fuzaro.siteup.dev\/es\/wp-json\/wp\/v2\/pages\/230\/revisions"}],"predecessor-version":[{"id":1381,"href":"https:\/\/fuzaro.siteup.dev\/es\/wp-json\/wp\/v2\/pages\/230\/revisions\/1381"}],"wp:attachment":[{"href":"https:\/\/fuzaro.siteup.dev\/es\/wp-json\/wp\/v2\/media?parent=230"}],"curies":[{"name":"wp","href":"https:\/\/api.w.org\/{rel}","templated":true}]}}